{"id":232,"date":"2024-07-25T13:17:03","date_gmt":"2024-07-25T13:17:03","guid":{"rendered":"https:\/\/sensushealth.io\/?page_id=232"},"modified":"2025-09-14T20:14:28","modified_gmt":"2025-09-14T20:14:28","slug":"pilot-study","status":"publish","type":"page","link":"https:\/\/sensushealth.io\/en\/","title":{"rendered":"Hovedside"},"content":{"rendered":"<div class=\"wp-block-cover alignfull is-light\" style=\"padding-top:2%;min-height:594px;aspect-ratio:unset;\"><video class=\"wp-block-cover__video-background intrinsic-ignore\" autoplay muted loop playsinline src=\"https:\/\/sensushealth.io\/wp-content\/uploads\/2025\/07\/Nettside-header-165-MB.mp4\" data-object-fit=\"cover\"><\/video><span aria-hidden=\"true\" class=\"wp-block-cover__background has-background-dim-60 has-background-dim\" style=\"background-color:#fffcf6\"><\/span><div class=\"wp-block-cover__inner-container has-global-padding is-layout-constrained wp-container-core-cover-is-layout-ee51f2d2 wp-block-cover-is-layout-constrained\">\n<div class=\"wp-block-group has-global-padding is-layout-constrained wp-container-core-group-is-layout-bea02a06 wp-block-group-is-layout-constrained\">\n<figure class=\"wp-block-image aligncenter size-full is-resized wp-duotone-unset-1\"><img loading=\"lazy\" decoding=\"async\" width=\"500\" height=\"250\" src=\"https:\/\/sensushealth.io\/wp-content\/uploads\/2025\/07\/Sensus-logo-sort-.png\" alt=\"\" class=\"wp-image-458\" style=\"width:638px;height:auto\" srcset=\"https:\/\/sensushealth.io\/wp-content\/uploads\/2025\/07\/Sensus-logo-sort-.png 500w, https:\/\/sensushealth.io\/wp-content\/uploads\/2025\/07\/Sensus-logo-sort--300x150.png 300w, https:\/\/sensushealth.io\/wp-content\/uploads\/2025\/07\/Sensus-logo-sort--18x9.png 18w\" sizes=\"auto, (max-width: 500px) 100vw, 500px\" \/><\/figure>\n\n\n\n<h3 class=\"wp-block-heading has-text-align-center has-text-color has-link-color has-lexend-font-family wp-elements-cd468123e95099279ee14aea9ec86605\" style=\"color:#323841;margin-top:0rem;margin-bottom:1.01rem;font-size:clamp(21.027px, 1.314rem + ((1vw - 3.2px) * 1.474), 34px);font-style:normal;font-weight:300;line-height:1.1\"><em>A new perspective on pain<\/em><\/h3>\n<\/div>\n<\/div><\/div>\n\n\n\n<section class=\"wp-block-group alignfull has-text-color has-global-padding is-layout-constrained wp-container-core-group-is-layout-38ad39fd wp-block-group-is-layout-constrained\" style=\"color:#323841;margin-top:0px;padding-top:5.01rem;padding-right:1rem;padding-bottom:5.5rem;padding-left:1rem;font-size:clamp(0.875rem, 0.875rem + ((1vw - 0.2rem) * 0.464), 1.13rem);font-style:normal;font-weight:400;line-height:1.4\">\n<div class=\"wp-block-columns is-layout-flex wp-container-core-columns-is-layout-db2df21c wp-block-columns-is-layout-flex\" style=\"margin-bottom:0px\">\n<div class=\"wp-block-column has-global-padding is-content-justification-left is-layout-constrained wp-container-core-column-is-layout-12dd3699 wp-block-column-is-layout-constrained\" style=\"flex-basis:45%\">\n<figure class=\"wp-block-image size-full is-resized\"><img loading=\"lazy\" decoding=\"async\" width=\"686\" height=\"686\" src=\"https:\/\/sensushealth.io\/wp-content\/uploads\/2025\/07\/Skjermbilde-2025-07-29-kl.-11.10.29-edited.png\" alt=\"\" class=\"wp-image-450\" style=\"width:414px;height:auto\" srcset=\"https:\/\/sensushealth.io\/wp-content\/uploads\/2025\/07\/Skjermbilde-2025-07-29-kl.-11.10.29-edited.png 686w, https:\/\/sensushealth.io\/wp-content\/uploads\/2025\/07\/Skjermbilde-2025-07-29-kl.-11.10.29-edited-300x300.png 300w, https:\/\/sensushealth.io\/wp-content\/uploads\/2025\/07\/Skjermbilde-2025-07-29-kl.-11.10.29-edited-150x150.png 150w, https:\/\/sensushealth.io\/wp-content\/uploads\/2025\/07\/Skjermbilde-2025-07-29-kl.-11.10.29-edited-12x12.png 12w\" sizes=\"auto, (max-width: 686px) 100vw, 686px\" \/><\/figure>\n<\/div>\n\n\n\n<div class=\"wp-block-column is-layout-flow wp-block-column-is-layout-flow\">\n<div class=\"wp-block-group has-global-padding is-layout-constrained wp-block-group-is-layout-constrained\">\n<div class=\"wp-block-group is-vertical is-content-justification-left is-layout-flex wp-container-core-group-is-layout-c5d44cae wp-block-group-is-layout-flex\" style=\"min-height:100%\">\n<h1 class=\"wp-block-heading has-text-color has-lexend-font-family\" style=\"color:#323841;font-size:clamp(37.821px, 2.364rem + ((1vw - 3.2px) * 3.657), 70px);\">What is SensusVR?<\/h1>\n\n\n\n<p class=\"has-text-align-left has-text-color has-lexend-font-family\" style=\"color:#323841;margin-top:0rem;font-size:clamp(14px, 0.875rem + ((1vw - 3.2px) * 0.227), 16px);font-style:normal;font-weight:300;line-height:1.6\">A virtual reality (VR) software, designed to work as a supplement in longterm pain treatment. Giving faster and better treatment to patients suffering unspecific longterm pain.<br><br>Increases efficiency in pain treatment, requiring fewer treatment hours and reaching more patients. Patients receive faster treatment, and have the opportunity become more engaged in their own treatment \u2013 resulting in shorter waiting lists.<\/p>\n<\/div>\n<\/div>\n<\/div>\n<\/div>\n<\/section>\n\n\n\n<div style=\"height:50px\" aria-hidden=\"true\" class=\"wp-block-spacer\"><\/div>\n\n\n\n<section class=\"wp-block-group alignfull has-text-color has-global-padding is-layout-constrained wp-container-core-group-is-layout-5e70687f wp-block-group-is-layout-constrained\" style=\"color:#3e3e3e;margin-top:0rem;padding-right:1rem;padding-left:1rem;font-size:clamp(0.875rem, 0.875rem + ((1vw - 0.2rem) * 0.464), 1.13rem);font-style:normal;font-weight:400;line-height:1.5\">\n<h1 class=\"wp-block-heading has-text-align-left has-text-color has-lexend-font-family\" style=\"color:#323841;font-size:clamp(37.821px, 2.364rem + ((1vw - 3.2px) * 3.657), 70px);\">Problems we solve<\/h1>\n\n\n\n<div style=\"height:10px\" aria-hidden=\"true\" class=\"wp-block-spacer\"><\/div>\n\n\n\n<div class=\"wp-block-columns is-layout-flex wp-container-core-columns-is-layout-85231905 wp-block-columns-is-layout-flex\">\n<div class=\"wp-block-column has-global-padding is-layout-constrained wp-container-core-column-is-layout-29cfd2c5 wp-block-column-is-layout-constrained\">\n<figure class=\"wp-block-image aligncenter size-full is-resized\"><img loading=\"lazy\" decoding=\"async\" width=\"1024\" height=\"1024\" src=\"https:\/\/sensushealth.io\/wp-content\/uploads\/2024\/08\/pixlr-image-generator-66c476c385506fc2f13b8b03.png\" alt=\"\" class=\"wp-image-322\" style=\"width:194px;height:auto\" srcset=\"https:\/\/sensushealth.io\/wp-content\/uploads\/2024\/08\/pixlr-image-generator-66c476c385506fc2f13b8b03.png 1024w, https:\/\/sensushealth.io\/wp-content\/uploads\/2024\/08\/pixlr-image-generator-66c476c385506fc2f13b8b03-300x300.png 300w, https:\/\/sensushealth.io\/wp-content\/uploads\/2024\/08\/pixlr-image-generator-66c476c385506fc2f13b8b03-150x150.png 150w, https:\/\/sensushealth.io\/wp-content\/uploads\/2024\/08\/pixlr-image-generator-66c476c385506fc2f13b8b03-768x768.png 768w, https:\/\/sensushealth.io\/wp-content\/uploads\/2024\/08\/pixlr-image-generator-66c476c385506fc2f13b8b03-12x12.png 12w\" sizes=\"auto, (max-width: 1024px) 100vw, 1024px\" \/><\/figure>\n\n\n\n<h3 class=\"wp-block-heading has-text-align-center has-text-color has-link-color has-lexend-font-family wp-elements-4d61c31d4b67f13f059a572b6e59a855\" style=\"color:#323841;font-size:clamp(20.515px, 1.282rem + ((1vw - 3.2px) * 1.419), 33px);font-style:normal;font-weight:500\">Patient drop-out<\/h3>\n\n\n\n<div style=\"height:10px\" aria-hidden=\"true\" class=\"wp-block-spacer\"><\/div>\n\n\n\n<p class=\"has-text-align-center has-text-color has-lexend-font-family\" style=\"color:#323841;margin-top:0rem;font-size:clamp(14px, 0.875rem + ((1vw - 3.2px) * 0.227), 16px);font-style:normal;font-weight:300;line-height:1.6\">With SensusVR, patients experience that they are receiving the help they need, which makes them more motivated to stay engaged in the course of treatment. Reducing dropouts is crucial for the treatment\u2019s effectiveness.<\/p>\n<\/div>\n\n\n\n<div class=\"wp-block-column has-global-padding is-layout-constrained wp-container-core-column-is-layout-29cfd2c5 wp-block-column-is-layout-constrained\">\n<figure class=\"wp-block-image aligncenter size-full is-resized\"><img loading=\"lazy\" decoding=\"async\" width=\"1024\" height=\"1024\" src=\"https:\/\/sensushealth.io\/wp-content\/uploads\/2024\/08\/pixlr-image-generator-66c479a7aeb7eb3c839ea228.png\" alt=\"\" class=\"wp-image-323\" style=\"width:194px;height:auto\" srcset=\"https:\/\/sensushealth.io\/wp-content\/uploads\/2024\/08\/pixlr-image-generator-66c479a7aeb7eb3c839ea228.png 1024w, https:\/\/sensushealth.io\/wp-content\/uploads\/2024\/08\/pixlr-image-generator-66c479a7aeb7eb3c839ea228-300x300.png 300w, https:\/\/sensushealth.io\/wp-content\/uploads\/2024\/08\/pixlr-image-generator-66c479a7aeb7eb3c839ea228-150x150.png 150w, https:\/\/sensushealth.io\/wp-content\/uploads\/2024\/08\/pixlr-image-generator-66c479a7aeb7eb3c839ea228-768x768.png 768w, https:\/\/sensushealth.io\/wp-content\/uploads\/2024\/08\/pixlr-image-generator-66c479a7aeb7eb3c839ea228-12x12.png 12w\" sizes=\"auto, (max-width: 1024px) 100vw, 1024px\" \/><\/figure>\n\n\n\n<h3 class=\"wp-block-heading has-text-align-center has-text-color has-link-color has-lexend-font-family wp-elements-ca7f53226c5133020370dfa82d086f89\" style=\"color:#323841;font-size:clamp(20.515px, 1.282rem + ((1vw - 3.2px) * 1.419), 33px);font-style:normal;font-weight:500\">Time-consuming treatment<\/h3>\n\n\n\n<div style=\"height:11px\" aria-hidden=\"true\" class=\"wp-block-spacer\"><\/div>\n\n\n\n<p class=\"has-text-align-center has-text-color has-lexend-font-family\" style=\"color:#323841;margin-top:0rem;font-size:clamp(14px, 0.875rem + ((1vw - 3.2px) * 0.227), 16px);font-style:normal;font-weight:300;line-height:1.6\">The treatment for this type of pain is often time inefficient. With SensusVR, the process becomes more efficient, allowing an early start, and a single therapist to manage multiple patients simultaneously.<\/p>\n<\/div>\n\n\n\n<div class=\"wp-block-column has-global-padding is-layout-constrained wp-container-core-column-is-layout-29cfd2c5 wp-block-column-is-layout-constrained\">\n<figure class=\"wp-block-image aligncenter size-full is-resized\"><img loading=\"lazy\" decoding=\"async\" width=\"682\" height=\"683\" src=\"https:\/\/sensushealth.io\/wp-content\/uploads\/2025\/07\/Skjermbilde-2025-07-28-kl.-11.54.05.png\" alt=\"\" class=\"wp-image-385\" style=\"width:194px;height:auto\" srcset=\"https:\/\/sensushealth.io\/wp-content\/uploads\/2025\/07\/Skjermbilde-2025-07-28-kl.-11.54.05.png 682w, https:\/\/sensushealth.io\/wp-content\/uploads\/2025\/07\/Skjermbilde-2025-07-28-kl.-11.54.05-300x300.png 300w, https:\/\/sensushealth.io\/wp-content\/uploads\/2025\/07\/Skjermbilde-2025-07-28-kl.-11.54.05-150x150.png 150w, https:\/\/sensushealth.io\/wp-content\/uploads\/2025\/07\/Skjermbilde-2025-07-28-kl.-11.54.05-12x12.png 12w\" sizes=\"auto, (max-width: 682px) 100vw, 682px\" \/><\/figure>\n\n\n\n<h3 class=\"wp-block-heading has-text-align-center has-text-color has-link-color has-lexend-font-family wp-elements-6182a543d6a01943835e7495f4349de8\" style=\"color:#323841;font-size:clamp(20.515px, 1.282rem + ((1vw - 3.2px) * 1.419), 33px);font-style:normal;font-weight:500\">Learning at home<\/h3>\n\n\n\n<div style=\"height:10px\" aria-hidden=\"true\" class=\"wp-block-spacer\"><\/div>\n\n\n\n<p class=\"has-text-align-center has-text-color has-lexend-font-family\" style=\"color:#323841;margin-top:0rem;font-size:clamp(14px, 0.875rem + ((1vw - 3.2px) * 0.227), 16px);font-style:normal;font-weight:300;line-height:1.6\">Patients can practice the treatment principles at home, whenever they want and as often as they need. This approach allows for a more personalized treatment experience and increases learning.<\/p>\n<\/div>\n\n\n\n<div class=\"wp-block-column is-layout-flow wp-block-column-is-layout-flow\">\n<figure class=\"wp-block-image aligncenter size-large is-resized\"><img loading=\"lazy\" decoding=\"async\" width=\"1024\" height=\"1024\" src=\"https:\/\/sensushealth.io\/wp-content\/uploads\/2024\/07\/Firefly-kronisk-smerte-pasient-sitter-i-en-sofa-med-vr-briller-pa.-Lenger-bort-i-rommet-sitter-en-ps-2-1024x1024.jpg\" alt=\"\" class=\"wp-image-54\" style=\"width:194px;height:auto\" srcset=\"https:\/\/sensushealth.io\/wp-content\/uploads\/2024\/07\/Firefly-kronisk-smerte-pasient-sitter-i-en-sofa-med-vr-briller-pa.-Lenger-bort-i-rommet-sitter-en-ps-2-1024x1024.jpg 1024w, https:\/\/sensushealth.io\/wp-content\/uploads\/2024\/07\/Firefly-kronisk-smerte-pasient-sitter-i-en-sofa-med-vr-briller-pa.-Lenger-bort-i-rommet-sitter-en-ps-2-300x300.jpg 300w, https:\/\/sensushealth.io\/wp-content\/uploads\/2024\/07\/Firefly-kronisk-smerte-pasient-sitter-i-en-sofa-med-vr-briller-pa.-Lenger-bort-i-rommet-sitter-en-ps-2-150x150.jpg 150w, https:\/\/sensushealth.io\/wp-content\/uploads\/2024\/07\/Firefly-kronisk-smerte-pasient-sitter-i-en-sofa-med-vr-briller-pa.-Lenger-bort-i-rommet-sitter-en-ps-2-768x768.jpg 768w, https:\/\/sensushealth.io\/wp-content\/uploads\/2024\/07\/Firefly-kronisk-smerte-pasient-sitter-i-en-sofa-med-vr-briller-pa.-Lenger-bort-i-rommet-sitter-en-ps-2-1536x1536.jpg 1536w, https:\/\/sensushealth.io\/wp-content\/uploads\/2024\/07\/Firefly-kronisk-smerte-pasient-sitter-i-en-sofa-med-vr-briller-pa.-Lenger-bort-i-rommet-sitter-en-ps-2.jpg 2048w\" sizes=\"auto, (max-width: 1024px) 100vw, 1024px\" \/><\/figure>\n\n\n\n<p class=\"has-text-align-center has-text-color has-link-color has-lexend-font-family wp-elements-5fee99cc857654e960ab15c05a330784\" style=\"color:#323841;font-size:clamp(20.515px, 1.282rem + ((1vw - 3.2px) * 1.419), 33px);font-style:normal;font-weight:500\">Language barriers<\/p>\n\n\n\n<div style=\"height:10px\" aria-hidden=\"true\" class=\"wp-block-spacer\"><\/div>\n\n\n\n<p class=\"has-text-align-center has-text-color has-lexend-font-family\" style=\"color:#323841;margin-top:0rem;font-size:clamp(14px, 0.875rem + ((1vw - 3.2px) * 0.227), 16px);font-style:normal;font-weight:300;line-height:1.6\">SensusVR can easily be translated into different languages, making it more accessible to patients from diverse linguistic backgrounds. This supports more inclusive and equitable care. Currently, the solution is available in Norwegian and English. Additional languages can be implemented quickly as needed.<\/p>\n<\/div>\n<\/div>\n<\/section>\n\n\n\n<div style=\"height:72px\" aria-hidden=\"true\" class=\"wp-block-spacer\"><\/div>\n\n\n\n<section class=\"wp-block-group alignfull has-text-color has-global-padding is-layout-constrained wp-container-core-group-is-layout-38ad39fd wp-block-group-is-layout-constrained\" style=\"color:#323841;margin-top:0px;padding-top:5.01rem;padding-right:1rem;padding-bottom:5.5rem;padding-left:1rem;font-size:clamp(0.875rem, 0.875rem + ((1vw - 0.2rem) * 0.464), 1.13rem);font-style:normal;font-weight:400;line-height:1.4\">\n<div class=\"wp-block-columns is-layout-flex wp-container-core-columns-is-layout-db2df21c wp-block-columns-is-layout-flex\" style=\"margin-bottom:0px\">\n<div class=\"wp-block-column has-global-padding is-content-justification-left is-layout-constrained wp-container-core-column-is-layout-12dd3699 wp-block-column-is-layout-constrained\" style=\"flex-basis:45%\">\n<div class=\"wp-block-group is-vertical is-layout-flex wp-container-core-group-is-layout-fe9cc265 wp-block-group-is-layout-flex\">\n<figure class=\"wp-block-image size-full is-resized\"><img loading=\"lazy\" decoding=\"async\" width=\"1068\" height=\"601\" src=\"https:\/\/sensushealth.io\/wp-content\/uploads\/2025\/07\/Skjermbilde-2025-07-28-kl.-01.54.10-edited-2.png\" alt=\"\" class=\"wp-image-394\" style=\"width:471px;height:auto\" srcset=\"https:\/\/sensushealth.io\/wp-content\/uploads\/2025\/07\/Skjermbilde-2025-07-28-kl.-01.54.10-edited-2.png 1068w, https:\/\/sensushealth.io\/wp-content\/uploads\/2025\/07\/Skjermbilde-2025-07-28-kl.-01.54.10-edited-2-300x169.png 300w, https:\/\/sensushealth.io\/wp-content\/uploads\/2025\/07\/Skjermbilde-2025-07-28-kl.-01.54.10-edited-2-1024x576.png 1024w, https:\/\/sensushealth.io\/wp-content\/uploads\/2025\/07\/Skjermbilde-2025-07-28-kl.-01.54.10-edited-2-768x432.png 768w, https:\/\/sensushealth.io\/wp-content\/uploads\/2025\/07\/Skjermbilde-2025-07-28-kl.-01.54.10-edited-2-18x10.png 18w\" sizes=\"auto, (max-width: 1068px) 100vw, 1068px\" \/><\/figure>\n<\/div>\n<\/div>\n\n\n\n<div class=\"wp-block-column is-layout-flow wp-block-column-is-layout-flow\">\n<div class=\"wp-block-group has-global-padding is-layout-constrained wp-block-group-is-layout-constrained\">\n<div class=\"wp-block-group has-global-padding is-content-justification-center is-layout-constrained wp-container-core-group-is-layout-b15c80d6 wp-block-group-is-layout-constrained\">\n<h1 class=\"wp-block-heading alignfull has-text-align-left has-text-color has-lexend-font-family\" style=\"color:#323841;font-size:clamp(37.821px, 2.364rem + ((1vw - 3.2px) * 3.657), 70px);\">Check out<br>our pilot study<\/h1>\n\n\n\n<div style=\"height:13px\" aria-hidden=\"true\" class=\"wp-block-spacer\"><\/div>\n\n\n\n<h3 class=\"wp-block-heading alignfull has-text-align-center has-text-color\" style=\"color:#323841;font-size:clamp(14.642px, 0.915rem + ((1vw - 3.2px) * 0.836), 22px);\"><em>\"I\u00b4ve completely stopped taking pain medication and sleeping pills.\"<\/em><\/h3>\n\n\n\n<div style=\"height:24px\" aria-hidden=\"true\" class=\"wp-block-spacer\"><\/div>\n\n\n\n<div class=\"wp-block-buttons alignwide is-content-justification-center is-layout-flex wp-container-core-buttons-is-layout-5b5683f2 wp-block-buttons-is-layout-flex\">\n<div class=\"wp-block-button has-custom-width wp-block-button__width-75 is-style-fill\"><a class=\"wp-block-button__link has-text-color has-background has-link-color has-medium-font-size has-custom-font-size wp-element-button\" href=\"https:\/\/sensushealth.io\/en\/?page_id=12\" style=\"color:#fffcf6;background-color:#e98e8e\">Pilot study<\/a><\/div>\n<\/div>\n\n\n\n<div style=\"height:15px\" aria-hidden=\"true\" class=\"wp-block-spacer\"><\/div>\n<\/div>\n<\/div>\n<\/div>\n<\/div>\n<\/section>\n\n\n\n<section class=\"wp-block-group alignfull has-text-color has-global-padding is-layout-constrained wp-container-core-group-is-layout-38ad39fd wp-block-group-is-layout-constrained\" style=\"color:#323841;margin-top:0px;padding-top:5.01rem;padding-right:1rem;padding-bottom:5.5rem;padding-left:1rem;font-size:clamp(0.875rem, 0.875rem + ((1vw - 0.2rem) * 0.464), 1.13rem);font-style:normal;font-weight:400;line-height:1.4\">\n<div class=\"wp-block-columns is-layout-flex wp-container-core-columns-is-layout-db2df21c wp-block-columns-is-layout-flex\" style=\"margin-bottom:0px\">\n<div class=\"wp-block-column is-layout-flow wp-block-column-is-layout-flow\">\n<div class=\"wp-block-group has-small-font-size is-vertical is-content-justification-left is-layout-flex wp-container-core-group-is-layout-c5d44cae wp-block-group-is-layout-flex\" style=\"min-height:100%\">\n<h1 class=\"wp-block-heading alignfull has-text-color has-lexend-font-family\" style=\"color:#323841;font-size:clamp(37.821px, 2.364rem + ((1vw - 3.2px) * 3.657), 70px);\">Who are we?<\/h1>\n\n\n\n<div style=\"height:10px\" aria-hidden=\"true\" class=\"wp-block-spacer wp-container-content-728072c3\"><\/div>\n\n\n\n<figure class=\"wp-block-image size-full is-resized\"><img loading=\"lazy\" decoding=\"async\" width=\"820\" height=\"461\" src=\"https:\/\/sensushealth.io\/wp-content\/uploads\/2025\/07\/Skjermbilde-2025-07-29-kl.-11.06.57-edited.png\" alt=\"\" class=\"wp-image-447\" style=\"width:457px;height:auto\" srcset=\"https:\/\/sensushealth.io\/wp-content\/uploads\/2025\/07\/Skjermbilde-2025-07-29-kl.-11.06.57-edited.png 820w, https:\/\/sensushealth.io\/wp-content\/uploads\/2025\/07\/Skjermbilde-2025-07-29-kl.-11.06.57-edited-300x169.png 300w, https:\/\/sensushealth.io\/wp-content\/uploads\/2025\/07\/Skjermbilde-2025-07-29-kl.-11.06.57-edited-768x432.png 768w, https:\/\/sensushealth.io\/wp-content\/uploads\/2025\/07\/Skjermbilde-2025-07-29-kl.-11.06.57-edited-18x10.png 18w\" sizes=\"auto, (max-width: 820px) 100vw, 820px\" \/><\/figure>\n<\/div>\n<\/div>\n\n\n\n<div class=\"wp-block-column is-vertically-aligned-center has-global-padding is-content-justification-left is-layout-constrained wp-container-core-column-is-layout-12dd3699 wp-block-column-is-layout-constrained\" style=\"flex-basis:45%\">\n<div style=\"height:21px\" aria-hidden=\"true\" class=\"wp-block-spacer\"><\/div>\n\n\n\n<div class=\"wp-block-group is-vertical is-layout-flex wp-container-core-group-is-layout-fe9cc265 wp-block-group-is-layout-flex\">\n<h3 class=\"wp-block-heading has-text-align-left has-text-color\" style=\"color:#323841;font-size:clamp(14.642px, 0.915rem + ((1vw - 3.2px) * 0.836), 22px);\">The SensusVR team is a diverse group of dedicated, energetic people!<\/h3>\n\n\n\n<p class=\"has-text-align-left\">Check out our expertise:<\/p>\n<\/div>\n\n\n\n<div class=\"wp-block-buttons alignwide is-content-justification-center is-layout-flex wp-container-core-buttons-is-layout-a89b3969 wp-block-buttons-is-layout-flex\">\n<div class=\"wp-block-button has-custom-width wp-block-button__width-75 is-style-fill\"><a class=\"wp-block-button__link has-text-color has-background has-link-color has-medium-font-size has-custom-font-size wp-element-button\" href=\"https:\/\/sensushealth.io\/en\/?page_id=14\" style=\"color:#fffcf6;background-color:#e98e8e\">About us<\/a><\/div>\n<\/div>\n<\/div>\n<\/div>\n<\/section>\n\n\n\n<div class=\"wp-block-group has-global-padding is-layout-constrained wp-block-group-is-layout-constrained\">\n<div style=\"height:100px\" aria-hidden=\"true\" class=\"wp-block-spacer\"><\/div>\n\n\n\n<div class=\"wp-block-group is-vertical is-content-justification-center is-layout-flex wp-container-core-group-is-layout-b6c1f246 wp-block-group-is-layout-flex\">\n<div class=\"wp-block-group has-global-padding is-layout-constrained wp-container-core-group-is-layout-a099c240 wp-block-group-is-layout-constrained\">\n<h1 class=\"wp-block-heading alignfull has-text-align-center has-text-color has-lexend-font-family\" style=\"color:#323841;font-size:clamp(37.821px, 2.364rem + ((1vw - 3.2px) * 3.657), 70px);\">Contact us<\/h1>\n\n\n\n<div style=\"height:11px\" aria-hidden=\"true\" class=\"wp-block-spacer\"><\/div>\n\n\n\n<p class=\"has-text-align-center has-text-color has-lexend-font-family\" style=\"color:#323841;margin-top:0rem;font-size:clamp(14px, 0.875rem + ((1vw - 3.2px) * 0.227), 16px);font-style:normal;font-weight:300;line-height:1.6\">Want to get in contact with us? Send us an email at contact@sensushealth.io<\/p>\n\n\n\n<div style=\"height:6px\" aria-hidden=\"true\" class=\"wp-block-spacer\"><\/div>\n\n\n\n<div class=\"wp-block-buttons alignwide is-content-justification-center is-layout-flex wp-container-core-buttons-is-layout-a89b3969 wp-block-buttons-is-layout-flex\">\n<div class=\"wp-block-button has-custom-width wp-block-button__width-75 is-style-fill\"><a class=\"wp-block-button__link has-text-color has-background has-link-color has-medium-font-size has-custom-font-size wp-element-button\" href=\"https:\/\/sensushealth.io\/en\/?page_id=16\" style=\"color:#fffcf6;background-color:#e98e8e\">Contact<\/a><\/div>\n<\/div>\n<\/div>\n<\/div>\n\n\n\n<div style=\"height:45px\" aria-hidden=\"true\" class=\"wp-block-spacer\"><\/div>\n<\/div>\n\n\n\n<p><\/p>","protected":false},"excerpt":{"rendered":"<p>Hva er SensusVR? En virtuell virkelighets (VR) programvare, laget til \u00e5 fungere som et supplement i behandlingen av langvarige uspesifikke smerter. SensusVR s\u00f8rger for raskere og mer kvalitetssikret behandling til personer som lider av denne typen smerte. SensusVR \u00f8ker effektiviteten i smertebehandlingen, dermed kreves f\u00e6rre behandlingstimer og man n\u00e5r ut til flere pasienter. Pasientene f\u00e5r [&hellip;]<\/p>\n","protected":false},"author":2,"featured_media":0,"parent":0,"menu_order":0,"comment_status":"closed","ping_status":"closed","template":"","meta":{"footnotes":""},"class_list":["post-232","page","type-page","status-publish","hentry"],"_links":{"self":[{"href":"https:\/\/sensushealth.io\/en\/wp-json\/wp\/v2\/pages\/232","targetHints":{"allow":["GET"]}}],"collection":[{"href":"https:\/\/sensushealth.io\/en\/wp-json\/wp\/v2\/pages"}],"about":[{"href":"https:\/\/sensushealth.io\/en\/wp-json\/wp\/v2\/types\/page"}],"author":[{"embeddable":true,"href":"https:\/\/sensushealth.io\/en\/wp-json\/wp\/v2\/users\/2"}],"replies":[{"embeddable":true,"href":"https:\/\/sensushealth.io\/en\/wp-json\/wp\/v2\/comments?post=232"}],"version-history":[{"count":74,"href":"https:\/\/sensushealth.io\/en\/wp-json\/wp\/v2\/pages\/232\/revisions"}],"predecessor-version":[{"id":525,"href":"https:\/\/sensushealth.io\/en\/wp-json\/wp\/v2\/pages\/232\/revisions\/525"}],"wp:attachment":[{"href":"https:\/\/sensushealth.io\/en\/wp-json\/wp\/v2\/media?parent=232"}],"curies":[{"name":"wp","href":"https:\/\/api.w.org\/{rel}","templated":true}]}}