{"id":16,"date":"2024-07-06T16:06:37","date_gmt":"2024-07-06T16:06:37","guid":{"rendered":"https:\/\/sensushealth.io\/?page_id=16"},"modified":"2026-01-22T12:24:06","modified_gmt":"2026-01-22T12:24:06","slug":"contact-us","status":"publish","type":"page","link":"https:\/\/sensushealth.io\/en\/contact-us\/","title":{"rendered":"Contact us"},"content":{"rendered":"<div style=\"height:59px\" aria-hidden=\"true\" class=\"wp-block-spacer\"><\/div>\n\n\n\n<h1 class=\"wp-block-heading\">Get in touch<\/h1>\n\n\n\n<div class=\"wp-block-columns is-layout-flex wp-container-core-columns-is-layout-28f84493 wp-block-columns-is-layout-flex\">\n<div class=\"wp-block-column is-layout-flow wp-block-column-is-layout-flow\">\n<p>We\u2019d love to hear from you!<br>Feel free to send us an email at <strong>contact@sensushealth.io<\/strong>.<br><br><em>Always happy to chat.<\/em><\/p>\n<\/div>\n\n\n\n<div class=\"wp-block-column is-layout-flow wp-block-column-is-layout-flow\"><\/div>\n<\/div>\n\n\n\n<figure class=\"wp-block-image size-full\"><img loading=\"lazy\" decoding=\"async\" width=\"1355\" height=\"505\" src=\"https:\/\/sensushealth.io\/wp-content\/uploads\/2025\/07\/Skjermbilde-2025-07-28-kl.-01.53.15.png\" alt=\"\" class=\"wp-image-374\" srcset=\"https:\/\/sensushealth.io\/wp-content\/uploads\/2025\/07\/Skjermbilde-2025-07-28-kl.-01.53.15.png 1355w, https:\/\/sensushealth.io\/wp-content\/uploads\/2025\/07\/Skjermbilde-2025-07-28-kl.-01.53.15-300x112.png 300w, https:\/\/sensushealth.io\/wp-content\/uploads\/2025\/07\/Skjermbilde-2025-07-28-kl.-01.53.15-1024x382.png 1024w, https:\/\/sensushealth.io\/wp-content\/uploads\/2025\/07\/Skjermbilde-2025-07-28-kl.-01.53.15-768x286.png 768w, https:\/\/sensushealth.io\/wp-content\/uploads\/2025\/07\/Skjermbilde-2025-07-28-kl.-01.53.15-18x7.png 18w\" sizes=\"auto, (max-width: 1355px) 100vw, 1355px\" \/><\/figure>\n\n\n\n<div style=\"height:100px\" aria-hidden=\"true\" class=\"wp-block-spacer\"><\/div>","protected":false},"excerpt":{"rendered":"<p>Ta kontakt Vi vil gjerne h\u00f8re fra deg!Send oss en e-post p\u00e5 contact@sensushealth.io. Alltid hyggelig \u00e5 ta en prat.<\/p>","protected":false},"author":2,"featured_media":0,"parent":0,"menu_order":0,"comment_status":"closed","ping_status":"closed","template":"","meta":{"footnotes":""},"class_list":["post-16","page","type-page","status-publish","hentry"],"_links":{"self":[{"href":"https:\/\/sensushealth.io\/en\/wp-json\/wp\/v2\/pages\/16","targetHints":{"allow":["GET"]}}],"collection":[{"href":"https:\/\/sensushealth.io\/en\/wp-json\/wp\/v2\/pages"}],"about":[{"href":"https:\/\/sensushealth.io\/en\/wp-json\/wp\/v2\/types\/page"}],"author":[{"embeddable":true,"href":"https:\/\/sensushealth.io\/en\/wp-json\/wp\/v2\/users\/2"}],"replies":[{"embeddable":true,"href":"https:\/\/sensushealth.io\/en\/wp-json\/wp\/v2\/comments?post=16"}],"version-history":[{"count":16,"href":"https:\/\/sensushealth.io\/en\/wp-json\/wp\/v2\/pages\/16\/revisions"}],"predecessor-version":[{"id":542,"href":"https:\/\/sensushealth.io\/en\/wp-json\/wp\/v2\/pages\/16\/revisions\/542"}],"wp:attachment":[{"href":"https:\/\/sensushealth.io\/en\/wp-json\/wp\/v2\/media?parent=16"}],"curies":[{"name":"wp","href":"https:\/\/api.w.org\/{rel}","templated":true}]}}