{"id":14,"date":"2024-07-06T16:06:22","date_gmt":"2024-07-06T16:06:22","guid":{"rendered":"https:\/\/sensushealth.io\/?page_id=14"},"modified":"2026-01-09T19:05:24","modified_gmt":"2026-01-09T19:05:24","slug":"about-us","status":"publish","type":"page","link":"https:\/\/sensushealth.io\/en\/about-us\/","title":{"rendered":"About us"},"content":{"rendered":"<div style=\"height:100px\" aria-hidden=\"true\" class=\"wp-block-spacer\"><\/div>\n\n\n\n<div class=\"wp-block-group alignfull has-base-background-color has-background has-global-padding is-layout-constrained wp-container-core-group-is-layout-d89aad35 wp-block-group-is-layout-constrained\" style=\"margin-top:0;margin-bottom:0;padding-top:var(--wp--preset--spacing--50);padding-right:var(--wp--preset--spacing--50);padding-bottom:var(--wp--preset--spacing--50);padding-left:var(--wp--preset--spacing--50)\">\n<div style=\"height:43px\" aria-hidden=\"true\" class=\"wp-block-spacer\"><\/div>\n<\/div>\n\n\n\n<div class=\"wp-block-group alignfull has-global-padding is-layout-constrained wp-container-core-group-is-layout-669513ed wp-block-group-is-layout-constrained\" style=\"margin-top:0;margin-bottom:0;padding-top:var(--wp--preset--spacing--50);padding-right:var(--wp--preset--spacing--50);padding-bottom:var(--wp--preset--spacing--50);padding-left:var(--wp--preset--spacing--50)\">\n<div class=\"wp-block-group is-vertical is-content-justification-center is-layout-flex wp-container-core-group-is-layout-ce155fab wp-block-group-is-layout-flex\">\n<h1 class=\"wp-block-heading has-text-align-center has-xx-large-font-size\">Meet the team<\/h1>\n\n\n\n<p class=\"has-text-align-center\">Teamet v\u00e5rt best\u00e5r av gr\u00fcnderne lege Erling Becker Aarseth, PhD og psykolog Christine Demmo-Bru og klinisk psykolog Ine Jareid.  <\/p>\n<\/div>\n\n\n\n<div style=\"height:23px\" aria-hidden=\"true\" class=\"wp-block-spacer\"><\/div>\n\n\n\n<div class=\"wp-block-columns alignwide has-text-color has-link-color has-large-font-size wp-elements-68421c892109c2e6aefc0ae6a820423d is-layout-flex wp-container-core-columns-is-layout-4935966c wp-block-columns-is-layout-flex\" style=\"border-style:none;border-width:0px;border-radius:0px;color:#323841;padding-right:0;padding-left:0\">\n<div class=\"wp-block-column is-layout-flow wp-block-column-is-layout-flow\">\n<figure class=\"wp-block-image aligncenter size-full is-resized is-style-rounded\"><img loading=\"lazy\" decoding=\"async\" width=\"596\" height=\"451\" src=\"https:\/\/sensushealth.io\/wp-content\/uploads\/2024\/07\/Skjermbilde-2024-07-22-kl.-22.26.08.png\" alt=\"\" class=\"wp-image-167\" style=\"aspect-ratio:1;object-fit:cover;width:242px;height:auto\" srcset=\"https:\/\/sensushealth.io\/wp-content\/uploads\/2024\/07\/Skjermbilde-2024-07-22-kl.-22.26.08.png 596w, https:\/\/sensushealth.io\/wp-content\/uploads\/2024\/07\/Skjermbilde-2024-07-22-kl.-22.26.08-300x227.png 300w\" sizes=\"auto, (max-width: 596px) 100vw, 596px\" \/><\/figure>\n\n\n\n<div class=\"wp-block-group is-vertical is-content-justification-center is-nowrap is-layout-flex wp-container-core-group-is-layout-21d4e958 wp-block-group-is-layout-flex\">\n<h3 class=\"wp-block-heading has-text-align-center has-medium-font-size\"><strong>Ine Veronika Jareid<\/strong><\/h3>\n\n\n\n<p class=\"has-text-align-center\" style=\"font-size:clamp(14px, 0.875rem + ((1vw - 3.2px) * 0.227), 16px);\">Clinical psychologist<\/p>\n\n\n\n<details class=\"wp-block-details is-style-arrow-icon-details has-medium-font-size is-layout-flow wp-block-details-is-layout-flow\" style=\"border-top-style:none;border-top-width:0px;border-right-style:none;border-right-width:0px;border-bottom-color:var(--wp--preset--color--base);border-bottom-style:solid;border-bottom-width:1px;border-left-style:none;border-left-width:0px;margin-top:0\"><summary>Read more<\/summary>\n<p class=\"has-contrast-1-color has-text-color has-link-color wp-elements-a5a5bba1237360a4706194f4811fa7c0\" style=\"font-size:clamp(14px, 0.875rem + ((1vw - 3.2px) * 0.341), 17px);\">Ine graduated as a clinical psychologist in 2013 and has since worked with chronic pain, long-term sick leave, and mild mental disorders. She has extensive experience with developing and testing VR applications.<\/p>\n<\/details>\n<\/div>\n<\/div>\n\n\n\n<div class=\"wp-block-column is-layout-flow wp-block-column-is-layout-flow\">\n<figure class=\"wp-block-image aligncenter size-full is-resized is-style-rounded\"><img loading=\"lazy\" decoding=\"async\" width=\"683\" height=\"556\" src=\"https:\/\/sensushealth.io\/wp-content\/uploads\/2024\/07\/Skjermbilde-2024-07-22-kl.-22.07.36.png\" alt=\"\" class=\"wp-image-166\" style=\"aspect-ratio:1;object-fit:cover;width:242px;height:auto\" srcset=\"https:\/\/sensushealth.io\/wp-content\/uploads\/2024\/07\/Skjermbilde-2024-07-22-kl.-22.07.36.png 683w, https:\/\/sensushealth.io\/wp-content\/uploads\/2024\/07\/Skjermbilde-2024-07-22-kl.-22.07.36-300x244.png 300w\" sizes=\"auto, (max-width: 683px) 100vw, 683px\" \/><\/figure>\n\n\n\n<div class=\"wp-block-group is-vertical is-content-justification-center is-nowrap is-layout-flex wp-container-core-group-is-layout-21d4e958 wp-block-group-is-layout-flex\">\n<h3 class=\"wp-block-heading has-text-align-center has-medium-font-size\"><strong>Christine Demmo-Bru<\/strong><\/h3>\n\n\n\n<p class=\"has-text-align-center\" style=\"font-size:clamp(14px, 0.875rem + ((1vw - 3.2px) * 0.227), 16px);\">Ph.D. and clinical psychologist<\/p>\n\n\n\n<details class=\"wp-block-details is-style-arrow-icon-details has-medium-font-size is-layout-flow wp-block-details-is-layout-flow\" style=\"border-top-style:none;border-top-width:0px;border-right-style:none;border-right-width:0px;border-bottom-color:var(--wp--preset--color--base);border-bottom-style:solid;border-bottom-width:1px;border-left-style:none;border-left-width:0px;margin-top:0\"><summary>Read more<\/summary>\n<p class=\"has-contrast-1-color has-text-color has-link-color wp-elements-889c0dbdf0541ec1e3c2ce85ad87d681\" style=\"font-size:clamp(14px, 0.875rem + ((1vw - 3.2px) * 0.114), 15px);\">Christine has been a clinical psychologist since 2011 and earned her Ph.D. in 2018. She has extensive experience with chronic pain and digital mental health solutions, in both public and private sectors. She has experience leading VR-based healthcare research and a background in innovation and entrepreneurship. She is also on the board of the Norwegian Psychologists\u2019 Association for Digital Health. In 2020 she also completed the School of Health Innovation at the University og Oslo, and has a strong network in the innovation and research community.<\/p>\n<\/details>\n<\/div>\n<\/div>\n<\/div>\n\n\n\n<div class=\"wp-block-columns alignwide has-text-color has-link-color has-large-font-size wp-elements-2707ca51be00d0a30ec3f3a1832c84c8 is-layout-flex wp-container-core-columns-is-layout-4935966c wp-block-columns-is-layout-flex\" style=\"border-style:none;border-width:0px;border-radius:0px;color:#323841;padding-right:0;padding-left:0\">\n<div class=\"wp-block-column is-layout-flow wp-block-column-is-layout-flow\">\n<figure class=\"wp-block-image aligncenter size-full is-resized is-style-rounded\"><img loading=\"lazy\" decoding=\"async\" width=\"1561\" height=\"781\" src=\"https:\/\/sensushealth.io\/wp-content\/uploads\/2025\/09\/Last-ned-uten-bakgrunn-kopi.png\" alt=\"\" class=\"wp-image-532\" style=\"aspect-ratio:1;object-fit:cover;width:243px;height:auto\" srcset=\"https:\/\/sensushealth.io\/wp-content\/uploads\/2025\/09\/Last-ned-uten-bakgrunn-kopi.png 1561w, https:\/\/sensushealth.io\/wp-content\/uploads\/2025\/09\/Last-ned-uten-bakgrunn-kopi-300x150.png 300w, https:\/\/sensushealth.io\/wp-content\/uploads\/2025\/09\/Last-ned-uten-bakgrunn-kopi-1024x512.png 1024w, https:\/\/sensushealth.io\/wp-content\/uploads\/2025\/09\/Last-ned-uten-bakgrunn-kopi-768x384.png 768w, https:\/\/sensushealth.io\/wp-content\/uploads\/2025\/09\/Last-ned-uten-bakgrunn-kopi-1536x768.png 1536w, https:\/\/sensushealth.io\/wp-content\/uploads\/2025\/09\/Last-ned-uten-bakgrunn-kopi-18x9.png 18w\" sizes=\"auto, (max-width: 1561px) 100vw, 1561px\" \/><\/figure>\n\n\n\n<div class=\"wp-block-group is-vertical is-content-justification-center is-nowrap is-layout-flex wp-container-core-group-is-layout-21d4e958 wp-block-group-is-layout-flex\">\n<h3 class=\"wp-block-heading has-text-align-center has-medium-font-size\"><strong>Erling Becker Aarseth<\/strong><\/h3>\n\n\n\n<p class=\"has-text-align-center\" style=\"font-size:clamp(14px, 0.875rem + ((1vw - 3.2px) * 0.341), 17px);\">&nbsp;Specialist in Physical Medicine and Rehabilitation<\/p>\n\n\n\n<details class=\"wp-block-details is-style-arrow-icon-details has-medium-font-size is-layout-flow wp-block-details-is-layout-flow\" style=\"border-top-style:none;border-top-width:0px;border-right-style:none;border-right-width:0px;border-bottom-color:var(--wp--preset--color--base);border-bottom-style:solid;border-bottom-width:1px;border-left-style:none;border-left-width:0px;margin-top:0\"><summary>Read more<\/summary>\n<p class=\"has-contrast-1-color has-text-color has-link-color wp-elements-628dd05fc7262e89ffa62be7c8dfc17e\" style=\"font-size:clamp(14px, 0.875rem + ((1vw - 3.2px) * 0.341), 17px);\">Erling has worked as a physician since 2010, and is specialized in Family Medicine and physical Medicine and Rehabilitation. Working at Vestfold Hospital Trust, he has worked on projects for digitizing various evidence-based treatments in multiple fields and is passionate about using technology in new areas of healthcare.<\/p>\n<\/details>\n<\/div>\n<\/div>\n<\/div>\n<\/div>\n\n\n\n<div class=\"wp-block-group alignwide has-global-padding is-layout-constrained wp-block-group-is-layout-constrained\">\n<div style=\"height:47px\" aria-hidden=\"true\" class=\"wp-block-spacer\"><\/div>\n\n\n\n<div class=\"wp-block-group is-vertical is-content-justification-center is-layout-flex wp-container-core-group-is-layout-ce155fab wp-block-group-is-layout-flex\">\n<div style=\"height:6px\" aria-hidden=\"true\" class=\"wp-block-spacer wp-container-content-2aa4ec05\"><\/div>\n\n\n\n<h3 class=\"wp-block-heading\"><strong>Our vision<\/strong><\/h3>\n\n\n\n<p class=\"has-text-align-center\" style=\"font-size:clamp(14px, 0.875rem + ((1vw - 3.2px) * 0.227), 16px);\">V\u00e5r visjon er \u00e5&nbsp; effektivisere smertebehandling gjennom f\u00e6rre behandlingstimer og kortere ventelister, uten bekostning av behandlingskvalitet &#8211; m\u00e5let er \u00e5 halvere behandlingstimer og ventelister.<\/p>\n<\/div>\n\n\n\n<div style=\"height:100px\" aria-hidden=\"true\" class=\"wp-block-spacer\"><\/div>\n<\/div>\n\n\n\n<p><\/p>","protected":false},"excerpt":{"rendered":"<p>M\u00f8t teamet Teamet v\u00e5rt best\u00e5r av gr\u00fcnderne lege Erling Becker Aarseth, PhD og psykolog Christine Demmo-Bru og klinisk psykolog Ine Jareid. Ine Veronika Jareid Klinisk psykolog Christine Demmo-Bru Ph.D. og klinisk psykolog Erling Becker Aarseth &nbsp;Spesialist i fysikalsk medisin og rehabilitering V\u00e5r visjon V\u00e5r visjon er \u00e5&nbsp; effektivisere smertebehandling gjennom f\u00e6rre behandlingstimer og kortere ventelister, [&hellip;]<\/p>\n","protected":false},"author":2,"featured_media":0,"parent":0,"menu_order":0,"comment_status":"closed","ping_status":"closed","template":"","meta":{"footnotes":""},"class_list":["post-14","page","type-page","status-publish","hentry"],"_links":{"self":[{"href":"https:\/\/sensushealth.io\/en\/wp-json\/wp\/v2\/pages\/14","targetHints":{"allow":["GET"]}}],"collection":[{"href":"https:\/\/sensushealth.io\/en\/wp-json\/wp\/v2\/pages"}],"about":[{"href":"https:\/\/sensushealth.io\/en\/wp-json\/wp\/v2\/types\/page"}],"author":[{"embeddable":true,"href":"https:\/\/sensushealth.io\/en\/wp-json\/wp\/v2\/users\/2"}],"replies":[{"embeddable":true,"href":"https:\/\/sensushealth.io\/en\/wp-json\/wp\/v2\/comments?post=14"}],"version-history":[{"count":36,"href":"https:\/\/sensushealth.io\/en\/wp-json\/wp\/v2\/pages\/14\/revisions"}],"predecessor-version":[{"id":540,"href":"https:\/\/sensushealth.io\/en\/wp-json\/wp\/v2\/pages\/14\/revisions\/540"}],"wp:attachment":[{"href":"https:\/\/sensushealth.io\/en\/wp-json\/wp\/v2\/media?parent=14"}],"curies":[{"name":"wp","href":"https:\/\/api.w.org\/{rel}","templated":true}]}}