{"id":12,"date":"2024-07-06T16:05:49","date_gmt":"2024-07-06T16:05:49","guid":{"rendered":"https:\/\/sensushealth.io\/?page_id=12"},"modified":"2025-09-14T20:18:08","modified_gmt":"2025-09-14T20:18:08","slug":"articles","status":"publish","type":"page","link":"https:\/\/sensushealth.io\/en\/articles\/","title":{"rendered":"Pilot study"},"content":{"rendered":"<div style=\"height:130px\" aria-hidden=\"true\" class=\"wp-block-spacer\"><\/div>\n\n\n\n<div class=\"wp-block-group alignfull has-accent-background-color has-background has-global-padding is-layout-constrained wp-container-core-group-is-layout-669513ed wp-block-group-is-layout-constrained\" style=\"margin-top:0;margin-bottom:0;padding-top:var(--wp--preset--spacing--50);padding-right:var(--wp--preset--spacing--50);padding-bottom:var(--wp--preset--spacing--50);padding-left:var(--wp--preset--spacing--50)\">\n<div class=\"wp-block-columns alignwide is-layout-flex wp-container-core-columns-is-layout-1da03c2a wp-block-columns-is-layout-flex\">\n<div class=\"wp-block-column is-vertically-aligned-stretch is-layout-flow wp-block-column-is-layout-flow\" style=\"flex-basis:50%\">\n<p class=\"has-large-font-size\" style=\"line-height:1.2\">The article from our pilot study in collaboration with Vestfold Hospital Trust is currently under peer review. While we await publication, feel free to explore some of the testimonials from participants.<\/p>\n<\/div>\n\n\n\n<div class=\"wp-block-column is-vertically-aligned-center is-layout-flow wp-block-column-is-layout-flow\" style=\"flex-basis:50%\">\n<figure class=\"wp-block-image aligncenter size-full is-resized is-style-rounded\"><img loading=\"lazy\" decoding=\"async\" width=\"1136\" height=\"639\" src=\"https:\/\/sensushealth.io\/wp-content\/uploads\/2025\/07\/Skjermbilde-2025-07-28-kl.-13.06.03.png\" alt=\"\" class=\"wp-image-411\" style=\"aspect-ratio:0.75;object-fit:cover;width:430px;height:auto\" srcset=\"https:\/\/sensushealth.io\/wp-content\/uploads\/2025\/07\/Skjermbilde-2025-07-28-kl.-13.06.03.png 1136w, https:\/\/sensushealth.io\/wp-content\/uploads\/2025\/07\/Skjermbilde-2025-07-28-kl.-13.06.03-300x169.png 300w, https:\/\/sensushealth.io\/wp-content\/uploads\/2025\/07\/Skjermbilde-2025-07-28-kl.-13.06.03-1024x576.png 1024w, https:\/\/sensushealth.io\/wp-content\/uploads\/2025\/07\/Skjermbilde-2025-07-28-kl.-13.06.03-768x432.png 768w, https:\/\/sensushealth.io\/wp-content\/uploads\/2025\/07\/Skjermbilde-2025-07-28-kl.-13.06.03-18x10.png 18w\" sizes=\"auto, (max-width: 1136px) 100vw, 1136px\" \/><\/figure>\n<\/div>\n<\/div>\n<\/div>\n\n\n\n<div style=\"height:37px\" aria-hidden=\"true\" class=\"wp-block-spacer\"><\/div>\n\n\n\n<div class=\"wp-block-group alignfull has-background has-global-padding is-layout-constrained wp-container-core-group-is-layout-1257c590 wp-block-group-is-layout-constrained\" style=\"background-color:#ebf0f2;margin-top:0;margin-bottom:0;padding-top:5.51rem;padding-right:1rem;padding-bottom:3rem;padding-left:1rem\">\n<h1 class=\"wp-block-heading has-text-align-center\">Testimonials<\/h1>\n\n\n\n<div style=\"height:30px\" aria-hidden=\"true\" class=\"wp-block-spacer\"><\/div>\n\n\n\n<div class=\"wp-block-group alignwide has-global-padding is-layout-constrained wp-container-core-group-is-layout-1cf432e6 wp-block-group-is-layout-constrained\" style=\"margin-top:1.01rem\">\n<div class=\"wp-block-columns alignwide is-layout-flex wp-container-core-columns-is-layout-85231905 wp-block-columns-is-layout-flex\">\n<div class=\"wp-block-column has-global-padding is-content-justification-center is-layout-constrained wp-container-core-column-is-layout-412b4476 wp-block-column-is-layout-constrained\" style=\"padding-bottom:2rem\">\n<div class=\"wp-block-group has-global-padding is-layout-constrained wp-container-core-group-is-layout-668d2085 wp-block-group-is-layout-constrained\">\n<h1 class=\"wp-block-heading has-text-align-center has-text-color\" style=\"color:#506889;font-size:clamp(1.044rem, 1.044rem + ((1vw - 0.2rem) * 1.029), 1.61rem);font-style:normal;font-weight:600;line-height:1.4;text-transform:capitalize\">Patient 1)<\/h1>\n<\/div>\n\n\n\n<div class=\"wp-block-group has-global-padding is-layout-constrained wp-container-core-group-is-layout-4f9f0532 wp-block-group-is-layout-constrained\">\n<p class=\"has-text-align-center has-text-color\" style=\"color:#323841;font-size:clamp(14px, 0.875rem + ((1vw - 3.2px) * 0.227), 16px);\">\"I have gone from being on full sick leave to now working fulltime for two months without significant pain. I have stopped taking painkillers and sleeping pills.\"<\/p>\n<\/div>\n<\/div>\n\n\n\n<div class=\"wp-block-column has-global-padding is-layout-constrained wp-container-core-column-is-layout-a3af4fe5 wp-block-column-is-layout-constrained\" style=\"padding-bottom:2rem\">\n<div class=\"wp-block-group has-global-padding is-layout-constrained wp-container-core-group-is-layout-668d2085 wp-block-group-is-layout-constrained\">\n<h1 class=\"wp-block-heading has-text-align-center has-text-color\" style=\"color:#506889;font-size:clamp(1.044rem, 1.044rem + ((1vw - 0.2rem) * 1.029), 1.61rem);font-style:normal;font-weight:600;line-height:1.4;text-transform:capitalize\">Patient 2)<\/h1>\n<\/div>\n\n\n\n<div class=\"wp-block-group has-global-padding is-layout-constrained wp-container-core-group-is-layout-4f9f0532 wp-block-group-is-layout-constrained\">\n<p class=\"has-text-align-center has-text-color\" style=\"color:#323841;font-size:clamp(14px, 0.875rem + ((1vw - 3.2px) * 0.227), 16px);\">\"My pain has decreased, and any remaining discomfort is manageable even when I engage in other activities. I have been able to remain focused\/mindful without using VR in daily situations.\"<\/p>\n<\/div>\n<\/div>\n\n\n\n<div class=\"wp-block-column has-global-padding is-content-justification-center is-layout-constrained wp-container-core-column-is-layout-412b4476 wp-block-column-is-layout-constrained\" style=\"padding-bottom:2rem\">\n<div class=\"wp-block-group has-global-padding is-layout-constrained wp-container-core-group-is-layout-668d2085 wp-block-group-is-layout-constrained\">\n<h1 class=\"wp-block-heading has-text-align-center has-text-color\" style=\"color:#506889;font-size:clamp(1.044rem, 1.044rem + ((1vw - 0.2rem) * 1.029), 1.61rem);font-style:normal;font-weight:600;line-height:1.4;text-transform:capitalize\">Patient 3)<\/h1>\n<\/div>\n\n\n\n<div class=\"wp-block-group has-global-padding is-layout-constrained wp-container-core-group-is-layout-4f9f0532 wp-block-group-is-layout-constrained\">\n<p class=\"has-text-align-center has-text-color\" style=\"color:#323841;font-size:clamp(14px, 0.875rem + ((1vw - 3.2px) * 0.227), 16px);\">\"I am still pain-free and i have completely transformed my perception of pain. The use of VR has been a significant factor in my recovery.\"<\/p>\n<\/div>\n<\/div>\n<\/div>\n<\/div>\n\n\n\n<figure class=\"wp-block-image size-large is-resized\"><img loading=\"lazy\" decoding=\"async\" width=\"1024\" height=\"212\" src=\"https:\/\/sensushealth.io\/wp-content\/uploads\/2024\/09\/Skjermbilde-2024-09-28-kl.-11.46.30-1024x212.png\" alt=\"\" class=\"wp-image-357\" style=\"width:242px;height:auto\" srcset=\"https:\/\/sensushealth.io\/wp-content\/uploads\/2024\/09\/Skjermbilde-2024-09-28-kl.-11.46.30-1024x212.png 1024w, https:\/\/sensushealth.io\/wp-content\/uploads\/2024\/09\/Skjermbilde-2024-09-28-kl.-11.46.30-300x62.png 300w, https:\/\/sensushealth.io\/wp-content\/uploads\/2024\/09\/Skjermbilde-2024-09-28-kl.-11.46.30-768x159.png 768w, https:\/\/sensushealth.io\/wp-content\/uploads\/2024\/09\/Skjermbilde-2024-09-28-kl.-11.46.30-18x4.png 18w, https:\/\/sensushealth.io\/wp-content\/uploads\/2024\/09\/Skjermbilde-2024-09-28-kl.-11.46.30.png 1169w\" sizes=\"auto, (max-width: 1024px) 100vw, 1024px\" \/><\/figure>\n<\/div>\n\n\n\n<div class=\"wp-block-group alignfull has-base-color has-contrast-background-color has-text-color has-background has-link-color wp-elements-9af261fc08324b2cb637e50868b337e5 has-global-padding is-layout-constrained wp-container-core-group-is-layout-d89aad35 wp-block-group-is-layout-constrained\" style=\"margin-top:0;margin-bottom:0;padding-top:var(--wp--preset--spacing--50);padding-right:var(--wp--preset--spacing--50);padding-bottom:var(--wp--preset--spacing--50);padding-left:var(--wp--preset--spacing--50)\">\n<h1 class=\"wp-block-heading alignwide has-base-color has-text-color has-link-color wp-elements-41d96c6015382c507d3be64de34b1d6a\" style=\"font-size:clamp(2.997rem, 2.997rem + ((1vw - 0.2rem) * 5.278), 5.9rem);letter-spacing:-0.02em\">FAQs<\/h1>\n\n\n\n<div style=\"height:55px\" aria-hidden=\"true\" class=\"wp-block-spacer\"><\/div>\n\n\n\n<div class=\"wp-block-group alignwide is-layout-flow wp-block-group-is-layout-flow\">\n<hr class=\"wp-block-separator has-text-color has-base-color has-alpha-channel-opacity has-base-background-color has-background is-style-wide\"\/>\n\n\n\n<details class=\"wp-block-details is-style-arrow-icon-details has-medium-font-size is-layout-flow wp-block-details-is-layout-flow\" style=\"border-top-style:none;border-top-width:0px;border-right-style:none;border-right-width:0px;border-bottom-color:var(--wp--preset--color--base);border-bottom-style:solid;border-bottom-width:1px;border-left-style:none;border-left-width:0px;margin-top:0\"><summary>What is longterm pain?<\/summary>\n<p class=\"has-contrast-1-color has-text-color has-link-color wp-elements-20d75454e5c8e9591df4938a3d33a7ca\">Long term pain is pain that persists for an extended period, typically longer than three to six months. Pain is the body's alarm system. It occurs when the nervous system sends signals to the brain, indicating an injury or problem, causing the sensation of pain. In the case of long term pain, the nervous system has become oversensitive and continues to send pain signals, even in the absence of tissue damage - making the alarm system continuously stay on.<\/p>\n<\/details>\n\n\n\n<details class=\"wp-block-details is-style-arrow-icon-details has-medium-font-size is-layout-flow wp-block-details-is-layout-flow\" style=\"border-top-style:none;border-top-width:0px;border-right-style:none;border-right-width:0px;border-bottom-color:var(--wp--preset--color--base);border-bottom-style:solid;border-bottom-width:1px;border-left-style:none;border-left-width:0px;margin-top:0\"><summary>I suffer from longterm pain; how can I try SensusVR?<\/summary>\n<p class=\"has-contrast-1-color has-text-color has-link-color wp-elements-e60eaede7fffd834e1422b754bde0e32\">Our goal is to make SensusVR available throughout Norway, but so far we are only collaborating with selected clinics. At this stage, we do not offer direct user access.<br><br>Are you a doctor or therapist, and want to try out our product? <strong>Book a demo here. <\/strong><a href=\"https:\/\/sensushealth.io\/en\/?page_id=16\" data-type=\"page\" data-id=\"16\"><strong>her<\/strong>.<\/a><\/p>\n<\/details>\n\n\n\n<details class=\"wp-block-details is-style-arrow-icon-details has-medium-font-size is-layout-flow wp-block-details-is-layout-flow\" style=\"border-top-style:none;border-top-width:0px;border-right-style:none;border-right-width:0px;border-bottom-color:var(--wp--preset--color--base);border-bottom-style:solid;border-bottom-width:1px;border-left-style:none;border-left-width:0px;margin-top:0\"><summary>Which treatment principles does SensusVR use?<\/summary>\n<p class=\"has-contrast-1-color has-text-color has-link-color wp-elements-b07facd6644bf4c50faccb697d505525\">Our treatment modules are based on principles from  Cognitive Behavioral Therapy, such as e.g ACT (Acceptance and Commitment Therapy). These are well-established methods that are commonly used as standard treatment by most providers of pain management today.<\/p>\n<\/details>\n\n\n\n<div style=\"height:100px\" aria-hidden=\"true\" class=\"wp-block-spacer\"><\/div>\n\n\n\n<div style=\"margin-top:var(--wp--preset--spacing--10);margin-bottom:0;height:var(--wp--preset--spacing--10)\" aria-hidden=\"true\" class=\"wp-block-spacer\"><\/div>\n<\/div>\n<\/div>\n\n\n\n<div class=\"wp-block-group alignfull has-global-padding is-layout-constrained wp-container-core-group-is-layout-d89aad35 wp-block-group-is-layout-constrained\" style=\"margin-top:0;margin-bottom:0;padding-top:var(--wp--preset--spacing--50);padding-right:var(--wp--preset--spacing--50);padding-bottom:var(--wp--preset--spacing--50);padding-left:var(--wp--preset--spacing--50)\">\n<div class=\"wp-block-columns alignwide are-vertically-aligned-center is-layout-flex wp-container-core-columns-is-layout-47c06fe3 wp-block-columns-is-layout-flex\">\n<div class=\"wp-block-column is-vertically-aligned-center is-layout-flow wp-block-column-is-layout-flow\" style=\"flex-basis:50%\">\n<h2 class=\"wp-block-heading\">We expect to share the finished article in 2025<\/h2>\n<\/div>\n\n\n\n<div class=\"wp-block-column is-vertically-aligned-center is-layout-flow wp-block-column-is-layout-flow\" style=\"flex-basis:50%\">\n<figure class=\"wp-block-image alignright size-full is-resized is-style-rounded\"><img loading=\"lazy\" decoding=\"async\" width=\"905\" height=\"692\" src=\"https:\/\/sensushealth.io\/wp-content\/uploads\/2025\/07\/Skjermbilde-2025-07-28-kl.-13.02.43.png\" alt=\"\" class=\"wp-image-407\" style=\"aspect-ratio:1.3333333333333333;object-fit:cover;width:558px;height:auto\" srcset=\"https:\/\/sensushealth.io\/wp-content\/uploads\/2025\/07\/Skjermbilde-2025-07-28-kl.-13.02.43.png 905w, https:\/\/sensushealth.io\/wp-content\/uploads\/2025\/07\/Skjermbilde-2025-07-28-kl.-13.02.43-300x229.png 300w, https:\/\/sensushealth.io\/wp-content\/uploads\/2025\/07\/Skjermbilde-2025-07-28-kl.-13.02.43-768x587.png 768w, https:\/\/sensushealth.io\/wp-content\/uploads\/2025\/07\/Skjermbilde-2025-07-28-kl.-13.02.43-16x12.png 16w\" sizes=\"auto, (max-width: 905px) 100vw, 905px\" \/><\/figure>\n<\/div>\n<\/div>\n<\/div>\n\n\n\n<div style=\"height:63px\" aria-hidden=\"true\" class=\"wp-block-spacer\"><\/div>","protected":false},"excerpt":{"rendered":"<p>Artikkelen fra v\u00e5r pilotstudie i samarbeid med Sykehuset i Vestfold er for tiden til fagfellevurdering. I mellomtiden er du velkommen til \u00e5 lese noen av deltakernes tilbakemeldinger. Pasientuttalelser Pasient 1) &laquo;Jeg har g\u00e5tt fra \u00e5 v\u00e6re helt sykmeldt til n\u00e5 \u00e5 jobbe fulltid i to m\u00e5neder uten betydelige smerter. Jeg har sluttet \u00e5 ta smertestillende [&hellip;]<\/p>\n","protected":false},"author":2,"featured_media":0,"parent":0,"menu_order":0,"comment_status":"closed","ping_status":"closed","template":"","meta":{"footnotes":""},"class_list":["post-12","page","type-page","status-publish","hentry"],"_links":{"self":[{"href":"https:\/\/sensushealth.io\/en\/wp-json\/wp\/v2\/pages\/12","targetHints":{"allow":["GET"]}}],"collection":[{"href":"https:\/\/sensushealth.io\/en\/wp-json\/wp\/v2\/pages"}],"about":[{"href":"https:\/\/sensushealth.io\/en\/wp-json\/wp\/v2\/types\/page"}],"author":[{"embeddable":true,"href":"https:\/\/sensushealth.io\/en\/wp-json\/wp\/v2\/users\/2"}],"replies":[{"embeddable":true,"href":"https:\/\/sensushealth.io\/en\/wp-json\/wp\/v2\/comments?post=12"}],"version-history":[{"count":65,"href":"https:\/\/sensushealth.io\/en\/wp-json\/wp\/v2\/pages\/12\/revisions"}],"predecessor-version":[{"id":527,"href":"https:\/\/sensushealth.io\/en\/wp-json\/wp\/v2\/pages\/12\/revisions\/527"}],"wp:attachment":[{"href":"https:\/\/sensushealth.io\/en\/wp-json\/wp\/v2\/media?parent=12"}],"curies":[{"name":"wp","href":"https:\/\/api.w.org\/{rel}","templated":true}]}}